{"id":1770,"date":"2023-07-27T09:47:56","date_gmt":"2023-07-27T07:47:56","guid":{"rendered":"https:\/\/adhocresearch.com\/legal-notice\/"},"modified":"2026-02-16T17:27:22","modified_gmt":"2026-02-16T16:27:22","slug":"legal-notice","status":"publish","type":"page","link":"https:\/\/adhocresearch.com\/en\/legal-notice\/","title":{"rendered":"Legal Notice"},"content":{"rendered":"<p>[et_pb_section fb_built=&#8221;1&#8243; admin_label=&#8221;Hero Section&#8221; _builder_version=&#8221;4.21.0&#8243; background_image=&#8221;https:\/\/adhocresearch.com\/wp-content\/uploads\/2023\/06\/qui-sommes-nous-1-AdHoc.jpg&#8221; custom_padding=&#8221;0%||1.6%|||&#8221; custom_css_before=&#8221;content:%22%22;||position:absolute;||width:100%;||height:100%;||top:0px;||left:0px;||background-color:#000;||opacity:0.4;&#8221; global_colors_info=&#8221;{}&#8221;][et_pb_row admin_label=&#8221;Hero Area&#8221; _builder_version=&#8221;4.16&#8243; background_size=&#8221;initial&#8221; background_position=&#8221;top_left&#8221; background_repeat=&#8221;repeat&#8221; global_colors_info=&#8221;{}&#8221;][et_pb_column type=&#8221;4_4&#8243; _builder_version=&#8221;4.16&#8243; custom_padding=&#8221;80px||80px|&#8221; global_colors_info=&#8221;{}&#8221; custom_padding__hover=&#8221;|||&#8221;][lwp_divi_breadcrumbs link_color=&#8221;#bababa&#8221; current_text_color=&#8221;#FFFFFF&#8221; _builder_version=&#8221;4.21.0&#8243; _module_preset=&#8221;default&#8221; module_font=&#8221;ReadexPro VariableFont_HEXPwght|300|||||||&#8221; module_font_size=&#8221;13px&#8221; text_orientation=&#8221;center&#8221; module_alignment=&#8221;center&#8221; global_colors_info=&#8221;{}&#8221;][\/lwp_divi_breadcrumbs][et_pb_text _builder_version=&#8221;4.21.0&#8243; _module_preset=&#8221;default&#8221; text_font=&#8221;ReadexPro VariableFont_HEXPwght|300|||||||&#8221; text_text_color=&#8221;#FFFFFF&#8221; header_font=&#8221;|700|||||||&#8221; header_text_align=&#8221;center&#8221; header_text_color=&#8221;#FFFFFF&#8221; header_font_size=&#8221;60px&#8221; header_2_font=&#8221;DINAlternate Bold|||on|||||&#8221; header_2_font_size=&#8221;30px&#8221; global_colors_info=&#8221;{}&#8221;]<\/p>\n<h1 style=\"text-align: center;\"><span class=\"text_red\">Legal Notice<\/span><\/h1>\n<p>[\/et_pb_text][\/et_pb_column][\/et_pb_row][\/et_pb_section][et_pb_section fb_built=&#8221;1&#8243; admin_label=&#8221;Service Section&#8221; _builder_version=&#8221;4.17.6&#8243; background_enable_image=&#8221;off&#8221; background_position=&#8221;top_center&#8221; custom_padding=&#8221;0px||25px|0px|false|false&#8221; global_colors_info=&#8221;{}&#8221;][et_pb_row _builder_version=&#8221;4.17.6&#8243; _module_preset=&#8221;default&#8221; custom_padding=&#8221;||50px|||&#8221; global_colors_info=&#8221;{}&#8221;][et_pb_column type=&#8221;4_4&#8243; _builder_version=&#8221;4.17.6&#8243; _module_preset=&#8221;default&#8221; global_colors_info=&#8221;{}&#8221;][et_pb_text _builder_version=&#8221;4.21.0&#8243; _module_preset=&#8221;default&#8221; header_font=&#8221;DINAlternate Bold|||on|||||&#8221; header_text_align=&#8221;center&#8221; header_2_font=&#8221;|||on|||||&#8221; header_2_font_size=&#8221;30px&#8221; custom_margin=&#8221;||-1px||false|false&#8221; custom_padding=&#8221;28px|||||&#8221; global_colors_info=&#8221;{}&#8221;]<\/p>\n<h2><strong>WEBSITE EDITOR<br \/><\/strong><\/h2>\n<p>AD\u2019HOC RESEARCH<br \/>Head office: 34, quai Charles de Gaulle 69006 Lyon<br \/>Phone: (+33) (0) 478,429,178<br \/>SARL with a registered capital of 25 154 \u20ac<br \/>Lyon commercial register (RCS): no. 384846960<br \/>Intra-Community VAT: no. FR 41 384 846 960<br \/>Business identification &#8211; SIRET (head office): no. 38484696000035<br \/>NAF\/APE (business sector) Code: 7320Z \u2013 market research and surveys<br \/>Publication director: Laurent MALLET, AD\u2019HOC RESEARCH managing director<br \/>Hosting service provider: OVH \u2013 2 rue Kellermann \u2013 59100 Roubaix \u2013 France<br \/>Website design: INFLUACTIVE<\/p>\n<p>&nbsp;<\/p>\n<h2><strong>PERSONAL DATA PROTECTION<\/strong><\/h2>\n<p>Pursuant to French law no. 78-17 of 6 January 1978, website users have the right to object, access, rectify and erase their personal information, where appropriate. This right can be exercised via postal mail to AD\u2019HOC RESEARCH, 34 quai Charles de Gaulle, 69006 Lyon or via email to: dpo@adhocresearch.com<\/p>\n<p>When using the <a href=\"https:\/\/www.adhocresearch.com\">website<\/a>, users may have to provide personal data such as their name or email address. AD\u2019HOC RESEARCH shall not disclose any of the provided personal data to third parties.<\/p>\n<p>&nbsp;<\/p>\n<h2><strong>INTELLECTUAL PROPERTY<\/strong><\/h2>\n<p><strong><br \/><\/strong>AD\u2019HOC Research has the sole ownership of all intellectual property rights or owns all usage rights related to all elements accessible on the website, including the structure, texts, images and graphics.<br \/>Any use, reproduction, distribution, marketing or modification of the entire www.adhocresearch.com website or any part thereof, regardless of the means or process used, done without AD\u2019HOC RESEARCH prior consent is prohibited and would constitute the crime of counterfeiting punishable under articles L335-2 et seq. of the French Intellectual Property Code.<\/p>\n<p>AD\u2019HOC RESEARCH shall not be held liable for the content of other Internet resources the user is redirected to by clicking on hyperlinks set up on this website. Users and visitors of the www.adhocresearch.com website shall not set up any hyperlink redirecting to this website without AD\u2019HOC RESEARCH prior consent.<\/p>\n<p>&nbsp;<\/p>\n<h2><strong>COOKIES<\/strong><\/h2>\n<p><strong><br \/><\/strong>When visiting the <a href=\"http:\/\/www.reperes.eu\">adhocresearch<\/a> website, users are informed that cookies may automatically be installed on their computer via their browser software A cookie is a data block that cannot identify the user, but that records information related to the user\u2019s browsing activity on the website.<\/p>\n<p>&nbsp;<\/p>\n<h2><strong>APPLICABLE LAW AND JURISDICTION<\/strong><\/h2>\n<p><strong><br \/><\/strong>Any dispute arising from the use of the www.adhocresearch.com website is governed by French law. Except in circumstances where the law does not allow it, the competent courts of Lyon shall have exclusive jurisdiction.<\/p>\n<p>&nbsp;<\/p>\n<p>&nbsp;<\/p>\n<p>[\/et_pb_text][\/et_pb_column][\/et_pb_row][\/et_pb_section]<\/p>\n","protected":false},"excerpt":{"rendered":"<p><div class=\"et_pb_module lwp_divi_breadcrumbs lwp_divi_breadcrumbs_0\">\n\t\t\t\t\n\t\t\t\t\n\t\t\t\t\n\t\t\t\t\n\t\t\t\t\n\t\t\t\t\n\t\t\t\t<div class=\"et_pb_module_inner\">\n\t\t\t\t\t<div class=\"lwp-breadcrumbs\"> <span class=\"before\"><\/span> <span vocab=\"https:\/\/schema.org\/\" typeof=\"BreadcrumbList\"><span property=\"itemListElement\" typeof=\"ListItem\"><a property=\"item\" typeof=\"WebPage\" href=\"https:\/\/adhocresearch.com\/en\/\" class=\"home\"><span property=\"name\">Home<\/span><\/a><meta property=\"position\" content=\"1\"><\/span> <span class=\"separator et-pb-icon\">&amp;#x39;<\/span> <\/span><\/div>\n\t\t\t\t<\/div>\n\t\t\t<\/div>Legal NoticeWEBSITE EDITOR AD\u2019HOC RESEARCHHead office: 34, quai Charles de Gaulle 69006 LyonPhone: (+33) (0) 478,429,178SARL with a registered capital of 25 154 \u20acLyon commercial register (RCS): no. 384846960Intra-Community VAT: no. FR 41 384 846 960Business identification &#8211; SIRET (head office): no. 38484696000035NAF\/APE (business sector) [&hellip;]<\/p>\n","protected":false},"author":1,"featured_media":0,"parent":0,"menu_order":0,"comment_status":"closed","ping_status":"closed","template":"","meta":{"_et_pb_use_builder":"on","_et_pb_old_content":"","_et_gb_content_width":"","footnotes":""},"class_list":["post-1770","page","type-page","status-publish","hentry"],"yoast_head":"<!-- This site is optimized with the Yoast SEO plugin v27.3 - https:\/\/yoast.com\/product\/yoast-seo-wordpress\/ -->\n<title>Legal Notice - Ad&#039;Hoc Research<\/title>\n<meta name=\"description\" content=\"See the legal notices on the AD\u2019HOC RESEARCH website: legal information, website publisher, hosting, and applicable law.\" \/>\n<meta name=\"robots\" content=\"index, follow, max-snippet:-1, max-image-preview:large, max-video-preview:-1\" \/>\n<link rel=\"canonical\" href=\"https:\/\/adhocresearch.com\/en\/legal-notice\/\" \/>\n<meta property=\"og:locale\" content=\"en_US\" \/>\n<meta property=\"og:type\" content=\"article\" \/>\n<meta property=\"og:title\" content=\"Legal Notice - Ad&#039;Hoc Research\" \/>\n<meta property=\"og:description\" content=\"See the legal notices on the AD\u2019HOC RESEARCH website: legal information, website publisher, hosting, and applicable law.\" \/>\n<meta property=\"og:url\" content=\"https:\/\/adhocresearch.com\/en\/legal-notice\/\" \/>\n<meta property=\"og:site_name\" content=\"Ad&#039;Hoc Research\" \/>\n<meta property=\"article:modified_time\" content=\"2026-02-16T16:27:22+00:00\" \/>\n<meta name=\"twitter:card\" content=\"summary_large_image\" \/>\n<meta name=\"twitter:label1\" content=\"Est. reading time\" \/>\n\t<meta name=\"twitter:data1\" content=\"3 minutes\" \/>\n<script type=\"application\/ld+json\" class=\"yoast-schema-graph\">{\"@context\":\"https:\\\/\\\/schema.org\",\"@graph\":[{\"@type\":\"WebPage\",\"@id\":\"https:\\\/\\\/adhocresearch.com\\\/en\\\/legal-notice\\\/\",\"url\":\"https:\\\/\\\/adhocresearch.com\\\/en\\\/legal-notice\\\/\",\"name\":\"Legal Notice - Ad&#039;Hoc Research\",\"isPartOf\":{\"@id\":\"https:\\\/\\\/adhocresearch.com\\\/en\\\/#website\"},\"datePublished\":\"2023-07-27T07:47:56+00:00\",\"dateModified\":\"2026-02-16T16:27:22+00:00\",\"description\":\"See the legal notices on the AD\u2019HOC RESEARCH website: legal information, website publisher, hosting, and applicable law.\",\"breadcrumb\":{\"@id\":\"https:\\\/\\\/adhocresearch.com\\\/en\\\/legal-notice\\\/#breadcrumb\"},\"inLanguage\":\"en-US\",\"potentialAction\":[{\"@type\":\"ReadAction\",\"target\":[\"https:\\\/\\\/adhocresearch.com\\\/en\\\/legal-notice\\\/\"]}]},{\"@type\":\"BreadcrumbList\",\"@id\":\"https:\\\/\\\/adhocresearch.com\\\/en\\\/legal-notice\\\/#breadcrumb\",\"itemListElement\":[{\"@type\":\"ListItem\",\"position\":1,\"name\":\"Accueil\",\"item\":\"https:\\\/\\\/adhocresearch.com\\\/en\\\/home\\\/\"},{\"@type\":\"ListItem\",\"position\":2,\"name\":\"Legal Notice\"}]},{\"@type\":\"WebSite\",\"@id\":\"https:\\\/\\\/adhocresearch.com\\\/en\\\/#website\",\"url\":\"https:\\\/\\\/adhocresearch.com\\\/en\\\/\",\"name\":\"Ad&#039;Hoc Research\",\"description\":\"La r\u00e9f\u00e9rence en mati\u00e8re d&#039;\u00c9tude de comportements clients\",\"publisher\":{\"@id\":\"https:\\\/\\\/adhocresearch.com\\\/en\\\/#organization\"},\"potentialAction\":[{\"@type\":\"SearchAction\",\"target\":{\"@type\":\"EntryPoint\",\"urlTemplate\":\"https:\\\/\\\/adhocresearch.com\\\/en\\\/?s={search_term_string}\"},\"query-input\":{\"@type\":\"PropertyValueSpecification\",\"valueRequired\":true,\"valueName\":\"search_term_string\"}}],\"inLanguage\":\"en-US\"},{\"@type\":\"Organization\",\"@id\":\"https:\\\/\\\/adhocresearch.com\\\/en\\\/#organization\",\"name\":\"Ad&#039;Hoc Research\",\"url\":\"https:\\\/\\\/adhocresearch.com\\\/en\\\/\",\"logo\":{\"@type\":\"ImageObject\",\"inLanguage\":\"en-US\",\"@id\":\"https:\\\/\\\/adhocresearch.com\\\/en\\\/#\\\/schema\\\/logo\\\/image\\\/\",\"url\":\"https:\\\/\\\/adhocresearch.com\\\/wp-content\\\/uploads\\\/2026\\\/01\\\/Design-sans-titre-1.png\",\"contentUrl\":\"https:\\\/\\\/adhocresearch.com\\\/wp-content\\\/uploads\\\/2026\\\/01\\\/Design-sans-titre-1.png\",\"width\":112,\"height\":112,\"caption\":\"Ad&#039;Hoc Research\"},\"image\":{\"@id\":\"https:\\\/\\\/adhocresearch.com\\\/en\\\/#\\\/schema\\\/logo\\\/image\\\/\"}}]}<\/script>\n<!-- \/ Yoast SEO plugin. -->","yoast_head_json":{"title":"Legal Notice - Ad&#039;Hoc Research","description":"See the legal notices on the AD\u2019HOC RESEARCH website: legal information, website publisher, hosting, and applicable law.","robots":{"index":"index","follow":"follow","max-snippet":"max-snippet:-1","max-image-preview":"max-image-preview:large","max-video-preview":"max-video-preview:-1"},"canonical":"https:\/\/adhocresearch.com\/en\/legal-notice\/","og_locale":"en_US","og_type":"article","og_title":"Legal Notice - Ad&#039;Hoc Research","og_description":"See the legal notices on the AD\u2019HOC RESEARCH website: legal information, website publisher, hosting, and applicable law.","og_url":"https:\/\/adhocresearch.com\/en\/legal-notice\/","og_site_name":"Ad&#039;Hoc Research","article_modified_time":"2026-02-16T16:27:22+00:00","twitter_card":"summary_large_image","twitter_misc":{"Est. reading time":"3 minutes"},"schema":{"@context":"https:\/\/schema.org","@graph":[{"@type":"WebPage","@id":"https:\/\/adhocresearch.com\/en\/legal-notice\/","url":"https:\/\/adhocresearch.com\/en\/legal-notice\/","name":"Legal Notice - Ad&#039;Hoc Research","isPartOf":{"@id":"https:\/\/adhocresearch.com\/en\/#website"},"datePublished":"2023-07-27T07:47:56+00:00","dateModified":"2026-02-16T16:27:22+00:00","description":"See the legal notices on the AD\u2019HOC RESEARCH website: legal information, website publisher, hosting, and applicable law.","breadcrumb":{"@id":"https:\/\/adhocresearch.com\/en\/legal-notice\/#breadcrumb"},"inLanguage":"en-US","potentialAction":[{"@type":"ReadAction","target":["https:\/\/adhocresearch.com\/en\/legal-notice\/"]}]},{"@type":"BreadcrumbList","@id":"https:\/\/adhocresearch.com\/en\/legal-notice\/#breadcrumb","itemListElement":[{"@type":"ListItem","position":1,"name":"Accueil","item":"https:\/\/adhocresearch.com\/en\/home\/"},{"@type":"ListItem","position":2,"name":"Legal Notice"}]},{"@type":"WebSite","@id":"https:\/\/adhocresearch.com\/en\/#website","url":"https:\/\/adhocresearch.com\/en\/","name":"Ad&#039;Hoc Research","description":"La r\u00e9f\u00e9rence en mati\u00e8re d&#039;\u00c9tude de comportements clients","publisher":{"@id":"https:\/\/adhocresearch.com\/en\/#organization"},"potentialAction":[{"@type":"SearchAction","target":{"@type":"EntryPoint","urlTemplate":"https:\/\/adhocresearch.com\/en\/?s={search_term_string}"},"query-input":{"@type":"PropertyValueSpecification","valueRequired":true,"valueName":"search_term_string"}}],"inLanguage":"en-US"},{"@type":"Organization","@id":"https:\/\/adhocresearch.com\/en\/#organization","name":"Ad&#039;Hoc Research","url":"https:\/\/adhocresearch.com\/en\/","logo":{"@type":"ImageObject","inLanguage":"en-US","@id":"https:\/\/adhocresearch.com\/en\/#\/schema\/logo\/image\/","url":"https:\/\/adhocresearch.com\/wp-content\/uploads\/2026\/01\/Design-sans-titre-1.png","contentUrl":"https:\/\/adhocresearch.com\/wp-content\/uploads\/2026\/01\/Design-sans-titre-1.png","width":112,"height":112,"caption":"Ad&#039;Hoc Research"},"image":{"@id":"https:\/\/adhocresearch.com\/en\/#\/schema\/logo\/image\/"}}]}},"_links":{"self":[{"href":"https:\/\/adhocresearch.com\/en\/wp-json\/wp\/v2\/pages\/1770","targetHints":{"allow":["GET"]}}],"collection":[{"href":"https:\/\/adhocresearch.com\/en\/wp-json\/wp\/v2\/pages"}],"about":[{"href":"https:\/\/adhocresearch.com\/en\/wp-json\/wp\/v2\/types\/page"}],"author":[{"embeddable":true,"href":"https:\/\/adhocresearch.com\/en\/wp-json\/wp\/v2\/users\/1"}],"replies":[{"embeddable":true,"href":"https:\/\/adhocresearch.com\/en\/wp-json\/wp\/v2\/comments?post=1770"}],"version-history":[{"count":11,"href":"https:\/\/adhocresearch.com\/en\/wp-json\/wp\/v2\/pages\/1770\/revisions"}],"predecessor-version":[{"id":2304,"href":"https:\/\/adhocresearch.com\/en\/wp-json\/wp\/v2\/pages\/1770\/revisions\/2304"}],"wp:attachment":[{"href":"https:\/\/adhocresearch.com\/en\/wp-json\/wp\/v2\/media?parent=1770"}],"curies":[{"name":"wp","href":"https:\/\/api.w.org\/{rel}","templated":true}]}}