{"id":1821,"date":"2023-06-20T10:12:19","date_gmt":"2023-06-20T08:12:19","guid":{"rendered":"https:\/\/adhocresearch.com\/contact\/"},"modified":"2026-02-16T17:18:55","modified_gmt":"2026-02-16T16:18:55","slug":"contact","status":"publish","type":"page","link":"https:\/\/adhocresearch.com\/en\/contact\/","title":{"rendered":"Contact"},"content":{"rendered":"<p>[et_pb_section fb_built=&#8221;1&#8243; admin_label=&#8221;Header&#8221; _builder_version=&#8221;4.21.0&#8243; _module_preset=&#8221;default&#8221; background_color=&#8221;#FFFFFF&#8221; custom_padding=&#8221;||2px|||&#8221; locked=&#8221;off&#8221; collapsed=&#8221;on&#8221; global_colors_info=&#8221;{}&#8221;][et_pb_row _builder_version=&#8221;4.20.0&#8243; _module_preset=&#8221;default&#8221; width=&#8221;90%&#8221; max_width=&#8221;none&#8221; global_colors_info=&#8221;{}&#8221;][et_pb_column type=&#8221;4_4&#8243; _builder_version=&#8221;4.20.0&#8243; _module_preset=&#8221;default&#8221; global_colors_info=&#8221;{}&#8221;][et_pb_text _builder_version=&#8221;4.21.0&#8243; _module_preset=&#8221;bab7833a-f563-4502-97d8-66edb8c52908&#8243; text_text_color=&#8221;#c61a4b&#8221; header_font=&#8221;|700|||||||&#8221; header_text_color=&#8221;#c61a4b&#8221; header_font_size=&#8221;50px&#8221; header_letter_spacing=&#8221;0px&#8221; header_2_font=&#8221;|600|||||||&#8221; header_2_text_color=&#8221;#252525&#8243; header_2_font_size=&#8221;40px&#8221; header_3_font=&#8221;|600|||||||&#8221; header_3_text_color=&#8221;#252525&#8243; header_3_font_size=&#8221;20px&#8221; text_orientation=&#8221;center&#8221; custom_margin=&#8221;||0px||false|false&#8221; global_colors_info=&#8221;{}&#8221;]<\/p>\n<h1>Contact<\/h1>\n<p>[\/et_pb_text][\/et_pb_column][\/et_pb_row][\/et_pb_section][et_pb_section fb_built=&#8221;1&#8243; admin_label=&#8221;Map&#8221; _builder_version=&#8221;4.21.0&#8243; _module_preset=&#8221;default&#8221; background_color=&#8221;#FFFFFF&#8221; custom_padding=&#8221;40px|||||&#8221; border_color_all=&#8221;#000000&#8243; collapsed=&#8221;on&#8221; global_colors_info=&#8221;{}&#8221;][et_pb_row _builder_version=&#8221;4.21.0&#8243; _module_preset=&#8221;default&#8221; width=&#8221;100%&#8221; max_width=&#8221;1200px&#8221; custom_padding=&#8221;3px||7px|||&#8221; global_colors_info=&#8221;{}&#8221;][et_pb_column type=&#8221;4_4&#8243; _builder_version=&#8221;4.20.0&#8243; _module_preset=&#8221;default&#8221; global_colors_info=&#8221;{}&#8221;][et_pb_code _builder_version=&#8221;4.21.0&#8243; _module_preset=&#8221;default&#8221; global_colors_info=&#8221;{}&#8221;]<iframe src=\"https:\/\/www.google.com\/maps\/embed?pb=!1m18!1m12!1m3!1d2782.291372021816!2d4.853648613157816!3d45.785390070960354!2m3!1f0!2f0!3f0!3m2!1i1024!2i768!4f13.1!3m3!1m2!1s0x47f4eabf14353fe9%3A0x155a8fe9ac7ed04d!2sCit%C3%A9%20Internationale!5e0!3m2!1sfr!2sfr!4v1690442523902!5m2!1sfr!2sfr\" width=\"100%\" height=\"450\" style=\"border:0;\" allowfullscreen=\"\" loading=\"lazy\" referrerpolicy=\"no-referrer-when-downgrade\"><\/iframe>[\/et_pb_code][\/et_pb_column][\/et_pb_row][et_pb_row column_structure=&#8221;1_3,1_3,1_3&#8243; use_custom_gutter=&#8221;on&#8221; gutter_width=&#8221;1&#8243; make_equal=&#8221;on&#8221; _builder_version=&#8221;4.21.0&#8243; _module_preset=&#8221;default&#8221; width=&#8221;100%&#8221; max_width=&#8221;1200px&#8221; custom_padding=&#8221;0px||0px||true|false&#8221; border_width_all=&#8221;2px&#8221; border_color_all=&#8221;#e9e9e9&#8243; locked=&#8221;off&#8221; global_colors_info=&#8221;{}&#8221;][et_pb_column type=&#8221;1_3&#8243; _builder_version=&#8221;4.21.0&#8243; _module_preset=&#8221;default&#8221; custom_padding=&#8221;60px|30px|60px|30px|true|true&#8221; custom_padding_tablet=&#8221;40px||40px||true|false&#8221; custom_padding_phone=&#8221;30px|20px|30px|20px|true|true&#8221; custom_padding_last_edited=&#8221;on|desktop&#8221; global_colors_info=&#8221;{}&#8221;][et_pb_icon font_icon=&#8221;&#xe00b;||divi||400&#8243; icon_color=&#8221;#000000&#8243; icon_width=&#8221;48px&#8221; align=&#8221;left&#8221; _builder_version=&#8221;4.21.0&#8243; _module_preset=&#8221;default&#8221; custom_margin=&#8221;||30px||false|false&#8221; global_colors_info=&#8221;{}&#8221;][\/et_pb_icon][et_pb_text quote_border_color=&#8221;#e47138&#8243; _builder_version=&#8221;4.21.0&#8243; _module_preset=&#8221;856a46af-eaa8-4542-92e8-d5fb0fb24011&#8243; text_font=&#8221;ReadexPro VariableFont_HEXPwght||||||||&#8221; text_text_color=&#8221;#7c7c7c&#8221; text_line_height=&#8221;1.8em&#8221; link_font=&#8221;||||||||&#8221; link_text_color=&#8221;#e47138&#8243; quote_font=&#8221;Archivo|800|||||||&#8221; quote_font_size=&#8221;25px&#8221; quote_line_height=&#8221;1.4em&#8221; header_font=&#8221;|700|||||||&#8221; header_text_color=&#8221;#252525&#8243; header_2_font=&#8221;|600|||||||&#8221; header_2_text_color=&#8221;#252525&#8243; header_2_font_size=&#8221;40px&#8221; header_3_font=&#8221;|600|||||||&#8221; header_3_text_color=&#8221;#252525&#8243; header_3_font_size=&#8221;20px&#8221; header_3_line_height=&#8221;1em&#8221; custom_margin=&#8221;||10px||false|false&#8221; quote_font_size_tablet=&#8221;20px&#8221; quote_font_size_phone=&#8221;16px&#8221; quote_font_size_last_edited=&#8221;on|desktop&#8221; global_colors_info=&#8221;{}&#8221;]<\/p>\n<h3>Phone<\/h3>\n<p>[\/et_pb_text][et_pb_text _builder_version=&#8221;4.21.0&#8243; _module_preset=&#8221;54aa3dbc-4544-44d0-b748-0aa50143c094&#8243; text_font=&#8221;ReadexPro VariableFont_HEXPwght||||||||&#8221; text_text_color=&#8221;#7c7c7c&#8221; header_font=&#8221;|700|||||||&#8221; header_text_color=&#8221;#252525&#8243; header_2_font=&#8221;|600|||||||&#8221; header_2_text_color=&#8221;#252525&#8243; header_2_font_size=&#8221;40px&#8221; header_3_font=&#8221;|600|||||||&#8221; header_3_text_color=&#8221;#252525&#8243; header_3_font_size=&#8221;20px&#8221; global_colors_info=&#8221;{}&#8221;]<\/p>\n<p>+33 (0)478 429 178<\/p>\n<p>[\/et_pb_text][\/et_pb_column][et_pb_column type=&#8221;1_3&#8243; _builder_version=&#8221;4.21.0&#8243; _module_preset=&#8221;default&#8221; custom_padding=&#8221;60px|30px|60px|30px|true|true&#8221; custom_padding_tablet=&#8221;40px||40px||true|false&#8221; custom_padding_phone=&#8221;30px|20px|30px|20px|true|true&#8221; custom_padding_last_edited=&#8221;on|desktop&#8221; border_color_all=&#8221;#f4f4f4&#8243; border_width_right=&#8221;2px&#8221; border_color_right=&#8221;#e9e9e9&#8243; border_width_left=&#8221;2px&#8221; border_color_left=&#8221;#e9e9e9&#8243; border_width_top_tablet=&#8221;2px&#8221; border_width_top_phone=&#8221;2px&#8221; border_width_top_last_edited=&#8221;on|tablet&#8221; border_width_right_tablet=&#8221;0px&#8221; border_width_right_phone=&#8221;0px&#8221; border_width_right_last_edited=&#8221;on|tablet&#8221; border_width_bottom_tablet=&#8221;2px&#8221; border_width_bottom_phone=&#8221;2px&#8221; border_width_bottom_last_edited=&#8221;on|tablet&#8221; border_width_left_tablet=&#8221;0px&#8221; border_width_left_phone=&#8221;0px&#8221; border_width_left_last_edited=&#8221;on|tablet&#8221; global_colors_info=&#8221;{}&#8221;][et_pb_icon font_icon=&#8221;&#xe010;||divi||400&#8243; icon_color=&#8221;#000000&#8243; icon_width=&#8221;48px&#8221; align=&#8221;left&#8221; _builder_version=&#8221;4.21.0&#8243; _module_preset=&#8221;default&#8221; custom_margin=&#8221;||30px||false|false&#8221; global_colors_info=&#8221;{}&#8221;][\/et_pb_icon][et_pb_text quote_border_color=&#8221;#e47138&#8243; _builder_version=&#8221;4.20.0&#8243; _module_preset=&#8221;856a46af-eaa8-4542-92e8-d5fb0fb24011&#8243; text_font=&#8221;ReadexPro VariableFont_HEXPwght||||||||&#8221; text_text_color=&#8221;#7c7c7c&#8221; text_line_height=&#8221;1.8em&#8221; link_font=&#8221;||||||||&#8221; link_text_color=&#8221;#e47138&#8243; quote_font=&#8221;Archivo|800|||||||&#8221; quote_font_size=&#8221;25px&#8221; quote_line_height=&#8221;1.4em&#8221; header_font=&#8221;|700|||||||&#8221; header_text_color=&#8221;#252525&#8243; header_2_font=&#8221;|600|||||||&#8221; header_2_text_color=&#8221;#252525&#8243; header_2_font_size=&#8221;40px&#8221; header_3_font=&#8221;|600|||||||&#8221; header_3_text_color=&#8221;#252525&#8243; header_3_font_size=&#8221;20px&#8221; header_3_line_height=&#8221;1em&#8221; custom_margin=&#8221;||10px||false|false&#8221; quote_font_size_tablet=&#8221;20px&#8221; quote_font_size_phone=&#8221;16px&#8221; quote_font_size_last_edited=&#8221;on|desktop&#8221; global_colors_info=&#8221;{}&#8221;]<\/p>\n<h3>Email<\/h3>\n<p>[\/et_pb_text][et_pb_text _builder_version=&#8221;4.21.0&#8243; _module_preset=&#8221;54aa3dbc-4544-44d0-b748-0aa50143c094&#8243; text_font=&#8221;ReadexPro VariableFont_HEXPwght||||||||&#8221; text_text_color=&#8221;#7c7c7c&#8221; link_font=&#8221;ReadexPro VariableFont_HEXPwght||||||||&#8221; link_text_color=&#8221;#000000&#8243; header_font=&#8221;|700|||||||&#8221; header_text_color=&#8221;#252525&#8243; header_2_font=&#8221;|600|||||||&#8221; header_2_text_color=&#8221;#252525&#8243; header_2_font_size=&#8221;40px&#8221; header_3_font=&#8221;|600|||||||&#8221; header_3_text_color=&#8221;#252525&#8243; header_3_font_size=&#8221;20px&#8221; global_colors_info=&#8221;{%22gcid-89ade5c1-8cb2-4026-a48f-a0b1f9f98f24%22:%91%22quote_border_color%22,%22quote_border_color%22,%22quote_border_color%22,%22quote_border_color%22%93}&#8221;]<\/p>\n<p><b><a href=\"#formulaire\">Fill the form<\/a><\/b><\/p>\n<p>[\/et_pb_text][\/et_pb_column][et_pb_column type=&#8221;1_3&#8243; _builder_version=&#8221;4.20.0&#8243; _module_preset=&#8221;default&#8221; custom_padding=&#8221;60px|30px|60px|30px|true|true&#8221; custom_padding_tablet=&#8221;40px||40px||true|false&#8221; custom_padding_phone=&#8221;30px|20px|30px|20px|true|true&#8221; custom_padding_last_edited=&#8221;on|desktop&#8221; global_colors_info=&#8221;{}&#8221;][et_pb_icon font_icon=&#8221;&#xe01d;||divi||400&#8243; icon_color=&#8221;#000000&#8243; icon_width=&#8221;48px&#8221; align=&#8221;left&#8221; _builder_version=&#8221;4.21.0&#8243; _module_preset=&#8221;default&#8221; custom_margin=&#8221;||30px||false|false&#8221; global_colors_info=&#8221;{}&#8221;][\/et_pb_icon][et_pb_text quote_border_color=&#8221;#e47138&#8243; _builder_version=&#8221;4.21.0&#8243; _module_preset=&#8221;856a46af-eaa8-4542-92e8-d5fb0fb24011&#8243; text_font=&#8221;ReadexPro VariableFont_HEXPwght||||||||&#8221; text_text_color=&#8221;#7c7c7c&#8221; text_line_height=&#8221;1.8em&#8221; link_font=&#8221;||||||||&#8221; link_text_color=&#8221;#e47138&#8243; quote_font=&#8221;Archivo|800|||||||&#8221; quote_font_size=&#8221;25px&#8221; quote_line_height=&#8221;1.4em&#8221; header_font=&#8221;|700|||||||&#8221; header_text_color=&#8221;#252525&#8243; header_2_font=&#8221;|600|||||||&#8221; header_2_text_color=&#8221;#252525&#8243; header_2_font_size=&#8221;40px&#8221; header_3_font=&#8221;|600|||||||&#8221; header_3_text_color=&#8221;#252525&#8243; header_3_font_size=&#8221;20px&#8221; header_3_line_height=&#8221;1em&#8221; custom_margin=&#8221;||10px||false|false&#8221; quote_font_size_tablet=&#8221;20px&#8221; quote_font_size_phone=&#8221;16px&#8221; quote_font_size_last_edited=&#8221;on|desktop&#8221; global_colors_info=&#8221;{}&#8221;]<\/p>\n<h3>Address<\/h3>\n<p>[\/et_pb_text][et_pb_text _builder_version=&#8221;4.21.0&#8243; _module_preset=&#8221;54aa3dbc-4544-44d0-b748-0aa50143c094&#8243; text_font=&#8221;ReadexPro VariableFont_HEXPwght||||||||&#8221; text_text_color=&#8221;#7c7c7c&#8221; header_font=&#8221;|700|||||||&#8221; header_text_color=&#8221;#252525&#8243; header_2_font=&#8221;|600|||||||&#8221; header_2_text_color=&#8221;#252525&#8243; header_2_font_size=&#8221;40px&#8221; header_3_font=&#8221;|600|||||||&#8221; header_3_text_color=&#8221;#252525&#8243; header_3_font_size=&#8221;20px&#8221; global_colors_info=&#8221;{}&#8221;]<\/p>\n<p>Cit\u00e9 internationale<br \/>34 quai Charles de Gaulle<br \/>69006 &#8211; Lyon<\/p>\n<p>[\/et_pb_text][\/et_pb_column][\/et_pb_row][et_pb_row _builder_version=&#8221;4.21.0&#8243; _module_preset=&#8221;default&#8221; global_colors_info=&#8221;{}&#8221;][et_pb_column type=&#8221;4_4&#8243; _builder_version=&#8221;4.21.0&#8243; _module_preset=&#8221;default&#8221; global_colors_info=&#8221;{}&#8221;][et_pb_button button_url=&#8221;#formulaire&#8221; button_text=&#8221;Make a request by form&#8221; button_alignment=&#8221;center&#8221; _builder_version=&#8221;4.21.0&#8243; _module_preset=&#8221;default&#8221; custom_button=&#8221;on&#8221; button_text_size=&#8221;16px&#8221; button_text_color=&#8221;#FFFFFF&#8221; button_bg_color=&#8221;#c61a4b&#8221; button_border_radius=&#8221;100px&#8221; button_letter_spacing=&#8221;0px&#8221; button_icon=&#8221;&#x24;||divi||400&#8243; custom_padding=&#8221;10px|30px|10px|30px|false|false&#8221; global_colors_info=&#8221;{}&#8221;][\/et_pb_button][\/et_pb_column][\/et_pb_row][\/et_pb_section]<\/p>\n","protected":false},"excerpt":{"rendered":"<p>ContactPhone+33 (0)478 429 178EmailFill the formAddressCit\u00e9 internationale34 quai Charles de Gaulle69006 &#8211; Lyon<\/p>\n","protected":false},"author":1,"featured_media":0,"parent":0,"menu_order":0,"comment_status":"closed","ping_status":"closed","template":"","meta":{"_et_pb_use_builder":"on","_et_pb_old_content":"","_et_gb_content_width":"","footnotes":""},"class_list":["post-1821","page","type-page","status-publish","hentry"],"yoast_head":"<!-- This site is optimized with the Yoast SEO plugin v27.3 - https:\/\/yoast.com\/product\/yoast-seo-wordpress\/ -->\n<title>Contact - Ad&#039;Hoc Research<\/title>\n<meta name=\"description\" content=\"Do you have a marketing research project? Contact our experts by phone, e-mail or via our contact form.\" \/>\n<meta name=\"robots\" content=\"index, follow, max-snippet:-1, max-image-preview:large, max-video-preview:-1\" \/>\n<link rel=\"canonical\" href=\"https:\/\/adhocresearch.com\/en\/contact\/\" \/>\n<meta property=\"og:locale\" content=\"en_US\" \/>\n<meta property=\"og:type\" content=\"article\" \/>\n<meta property=\"og:title\" content=\"Contact - Ad&#039;Hoc Research\" \/>\n<meta property=\"og:description\" content=\"Do you have a marketing research project? Contact our experts by phone, e-mail or via our contact form.\" \/>\n<meta property=\"og:url\" content=\"https:\/\/adhocresearch.com\/en\/contact\/\" \/>\n<meta property=\"og:site_name\" content=\"Ad&#039;Hoc Research\" \/>\n<meta property=\"article:modified_time\" content=\"2026-02-16T16:18:55+00:00\" \/>\n<meta name=\"twitter:card\" content=\"summary_large_image\" \/>\n<meta name=\"twitter:label1\" content=\"Est. reading time\" \/>\n\t<meta name=\"twitter:data1\" content=\"6 minutes\" \/>\n<script type=\"application\/ld+json\" class=\"yoast-schema-graph\">{\"@context\":\"https:\\\/\\\/schema.org\",\"@graph\":[{\"@type\":\"WebPage\",\"@id\":\"https:\\\/\\\/adhocresearch.com\\\/en\\\/contact\\\/\",\"url\":\"https:\\\/\\\/adhocresearch.com\\\/en\\\/contact\\\/\",\"name\":\"Contact - Ad&#039;Hoc Research\",\"isPartOf\":{\"@id\":\"https:\\\/\\\/adhocresearch.com\\\/en\\\/#website\"},\"datePublished\":\"2023-06-20T08:12:19+00:00\",\"dateModified\":\"2026-02-16T16:18:55+00:00\",\"description\":\"Do you have a marketing research project? Contact our experts by phone, e-mail or via our contact form.\",\"breadcrumb\":{\"@id\":\"https:\\\/\\\/adhocresearch.com\\\/en\\\/contact\\\/#breadcrumb\"},\"inLanguage\":\"en-US\",\"potentialAction\":[{\"@type\":\"ReadAction\",\"target\":[\"https:\\\/\\\/adhocresearch.com\\\/en\\\/contact\\\/\"]}]},{\"@type\":\"BreadcrumbList\",\"@id\":\"https:\\\/\\\/adhocresearch.com\\\/en\\\/contact\\\/#breadcrumb\",\"itemListElement\":[{\"@type\":\"ListItem\",\"position\":1,\"name\":\"Accueil\",\"item\":\"https:\\\/\\\/adhocresearch.com\\\/en\\\/home\\\/\"},{\"@type\":\"ListItem\",\"position\":2,\"name\":\"Contact\"}]},{\"@type\":\"WebSite\",\"@id\":\"https:\\\/\\\/adhocresearch.com\\\/en\\\/#website\",\"url\":\"https:\\\/\\\/adhocresearch.com\\\/en\\\/\",\"name\":\"Ad&#039;Hoc Research\",\"description\":\"La r\u00e9f\u00e9rence en mati\u00e8re d&#039;\u00c9tude de comportements clients\",\"publisher\":{\"@id\":\"https:\\\/\\\/adhocresearch.com\\\/en\\\/#organization\"},\"potentialAction\":[{\"@type\":\"SearchAction\",\"target\":{\"@type\":\"EntryPoint\",\"urlTemplate\":\"https:\\\/\\\/adhocresearch.com\\\/en\\\/?s={search_term_string}\"},\"query-input\":{\"@type\":\"PropertyValueSpecification\",\"valueRequired\":true,\"valueName\":\"search_term_string\"}}],\"inLanguage\":\"en-US\"},{\"@type\":\"Organization\",\"@id\":\"https:\\\/\\\/adhocresearch.com\\\/en\\\/#organization\",\"name\":\"Ad&#039;Hoc Research\",\"url\":\"https:\\\/\\\/adhocresearch.com\\\/en\\\/\",\"logo\":{\"@type\":\"ImageObject\",\"inLanguage\":\"en-US\",\"@id\":\"https:\\\/\\\/adhocresearch.com\\\/en\\\/#\\\/schema\\\/logo\\\/image\\\/\",\"url\":\"https:\\\/\\\/adhocresearch.com\\\/wp-content\\\/uploads\\\/2026\\\/01\\\/Design-sans-titre-1.png\",\"contentUrl\":\"https:\\\/\\\/adhocresearch.com\\\/wp-content\\\/uploads\\\/2026\\\/01\\\/Design-sans-titre-1.png\",\"width\":112,\"height\":112,\"caption\":\"Ad&#039;Hoc Research\"},\"image\":{\"@id\":\"https:\\\/\\\/adhocresearch.com\\\/en\\\/#\\\/schema\\\/logo\\\/image\\\/\"}}]}<\/script>\n<!-- \/ Yoast SEO plugin. -->","yoast_head_json":{"title":"Contact - Ad&#039;Hoc Research","description":"Do you have a marketing research project? Contact our experts by phone, e-mail or via our contact form.","robots":{"index":"index","follow":"follow","max-snippet":"max-snippet:-1","max-image-preview":"max-image-preview:large","max-video-preview":"max-video-preview:-1"},"canonical":"https:\/\/adhocresearch.com\/en\/contact\/","og_locale":"en_US","og_type":"article","og_title":"Contact - Ad&#039;Hoc Research","og_description":"Do you have a marketing research project? Contact our experts by phone, e-mail or via our contact form.","og_url":"https:\/\/adhocresearch.com\/en\/contact\/","og_site_name":"Ad&#039;Hoc Research","article_modified_time":"2026-02-16T16:18:55+00:00","twitter_card":"summary_large_image","twitter_misc":{"Est. reading time":"6 minutes"},"schema":{"@context":"https:\/\/schema.org","@graph":[{"@type":"WebPage","@id":"https:\/\/adhocresearch.com\/en\/contact\/","url":"https:\/\/adhocresearch.com\/en\/contact\/","name":"Contact - Ad&#039;Hoc Research","isPartOf":{"@id":"https:\/\/adhocresearch.com\/en\/#website"},"datePublished":"2023-06-20T08:12:19+00:00","dateModified":"2026-02-16T16:18:55+00:00","description":"Do you have a marketing research project? Contact our experts by phone, e-mail or via our contact form.","breadcrumb":{"@id":"https:\/\/adhocresearch.com\/en\/contact\/#breadcrumb"},"inLanguage":"en-US","potentialAction":[{"@type":"ReadAction","target":["https:\/\/adhocresearch.com\/en\/contact\/"]}]},{"@type":"BreadcrumbList","@id":"https:\/\/adhocresearch.com\/en\/contact\/#breadcrumb","itemListElement":[{"@type":"ListItem","position":1,"name":"Accueil","item":"https:\/\/adhocresearch.com\/en\/home\/"},{"@type":"ListItem","position":2,"name":"Contact"}]},{"@type":"WebSite","@id":"https:\/\/adhocresearch.com\/en\/#website","url":"https:\/\/adhocresearch.com\/en\/","name":"Ad&#039;Hoc Research","description":"La r\u00e9f\u00e9rence en mati\u00e8re d&#039;\u00c9tude de comportements clients","publisher":{"@id":"https:\/\/adhocresearch.com\/en\/#organization"},"potentialAction":[{"@type":"SearchAction","target":{"@type":"EntryPoint","urlTemplate":"https:\/\/adhocresearch.com\/en\/?s={search_term_string}"},"query-input":{"@type":"PropertyValueSpecification","valueRequired":true,"valueName":"search_term_string"}}],"inLanguage":"en-US"},{"@type":"Organization","@id":"https:\/\/adhocresearch.com\/en\/#organization","name":"Ad&#039;Hoc Research","url":"https:\/\/adhocresearch.com\/en\/","logo":{"@type":"ImageObject","inLanguage":"en-US","@id":"https:\/\/adhocresearch.com\/en\/#\/schema\/logo\/image\/","url":"https:\/\/adhocresearch.com\/wp-content\/uploads\/2026\/01\/Design-sans-titre-1.png","contentUrl":"https:\/\/adhocresearch.com\/wp-content\/uploads\/2026\/01\/Design-sans-titre-1.png","width":112,"height":112,"caption":"Ad&#039;Hoc Research"},"image":{"@id":"https:\/\/adhocresearch.com\/en\/#\/schema\/logo\/image\/"}}]}},"_links":{"self":[{"href":"https:\/\/adhocresearch.com\/en\/wp-json\/wp\/v2\/pages\/1821","targetHints":{"allow":["GET"]}}],"collection":[{"href":"https:\/\/adhocresearch.com\/en\/wp-json\/wp\/v2\/pages"}],"about":[{"href":"https:\/\/adhocresearch.com\/en\/wp-json\/wp\/v2\/types\/page"}],"author":[{"embeddable":true,"href":"https:\/\/adhocresearch.com\/en\/wp-json\/wp\/v2\/users\/1"}],"replies":[{"embeddable":true,"href":"https:\/\/adhocresearch.com\/en\/wp-json\/wp\/v2\/comments?post=1821"}],"version-history":[{"count":7,"href":"https:\/\/adhocresearch.com\/en\/wp-json\/wp\/v2\/pages\/1821\/revisions"}],"predecessor-version":[{"id":2291,"href":"https:\/\/adhocresearch.com\/en\/wp-json\/wp\/v2\/pages\/1821\/revisions\/2291"}],"wp:attachment":[{"href":"https:\/\/adhocresearch.com\/en\/wp-json\/wp\/v2\/media?parent=1821"}],"curies":[{"name":"wp","href":"https:\/\/api.w.org\/{rel}","templated":true}]}}