{"id":1846,"date":"2023-06-19T14:26:54","date_gmt":"2023-06-19T12:26:54","guid":{"rendered":"https:\/\/adhocresearch.com\/gdpr\/"},"modified":"2026-04-14T16:37:15","modified_gmt":"2026-04-14T14:37:15","slug":"gdpr","status":"publish","type":"page","link":"https:\/\/adhocresearch.com\/en\/gdpr\/","title":{"rendered":"GDPR"},"content":{"rendered":"<p>[et_pb_section fb_built=&#8221;1&#8243; admin_label=&#8221;Hero Section&#8221; _builder_version=&#8221;4.21.0&#8243; background_image=&#8221;https:\/\/adhocresearch.com\/wp-content\/uploads\/2023\/06\/qui-sommes-nous-1-AdHoc.jpg&#8221; custom_padding=&#8221;0%||1.6%|||&#8221; custom_css_before=&#8221;content:%22%22;||position:absolute;||width:100%;||height:100%;||top:0px;||left:0px;||background-color:#000;||opacity:0.4;&#8221; global_colors_info=&#8221;{}&#8221;][et_pb_row admin_label=&#8221;Hero Area&#8221; _builder_version=&#8221;4.16&#8243; background_size=&#8221;initial&#8221; background_position=&#8221;top_left&#8221; background_repeat=&#8221;repeat&#8221; custom_padding=&#8221;|0px||||&#8221; global_colors_info=&#8221;{}&#8221;][et_pb_column type=&#8221;4_4&#8243; _builder_version=&#8221;4.16&#8243; custom_padding=&#8221;80px||80px|&#8221; global_colors_info=&#8221;{}&#8221; custom_padding__hover=&#8221;|||&#8221;][lwp_divi_breadcrumbs link_color=&#8221;#bababa&#8221; current_text_color=&#8221;#FFFFFF&#8221; _builder_version=&#8221;4.21.0&#8243; _module_preset=&#8221;default&#8221; module_font=&#8221;ReadexPro VariableFont_HEXPwght|300|||||||&#8221; module_font_size=&#8221;13px&#8221; text_orientation=&#8221;center&#8221; module_alignment=&#8221;center&#8221; global_colors_info=&#8221;{}&#8221;][\/lwp_divi_breadcrumbs][et_pb_text _builder_version=&#8221;4.21.0&#8243; _module_preset=&#8221;default&#8221; text_font=&#8221;ReadexPro VariableFont_HEXPwght|300|||||||&#8221; text_text_color=&#8221;#FFFFFF&#8221; header_font=&#8221;|700|||||||&#8221; header_text_align=&#8221;center&#8221; header_text_color=&#8221;#FFFFFF&#8221; header_font_size=&#8221;60px&#8221; header_2_font=&#8221;DINAlternate Bold|||on|||||&#8221; header_2_font_size=&#8221;30px&#8221; width=&#8221;109.2%&#8221; custom_margin=&#8221;|-17px||||&#8221; global_colors_info=&#8221;{}&#8221;]<\/p>\n<h1 style=\"text-align: center;\"><span class=\"text_red\">GDPR<\/span>: processing of collected personal data<\/h1>\n<p>[\/et_pb_text][\/et_pb_column][\/et_pb_row][\/et_pb_section][et_pb_section fb_built=&#8221;1&#8243; admin_label=&#8221;Service Section&#8221; _builder_version=&#8221;4.17.6&#8243; background_enable_image=&#8221;off&#8221; background_position=&#8221;top_center&#8221; custom_padding=&#8221;0px||25px|0px|false|false&#8221; global_colors_info=&#8221;{}&#8221;][et_pb_row custom_padding_last_edited=&#8221;on|phone&#8221; _builder_version=&#8221;4.17.6&#8243; _module_preset=&#8221;default&#8221; background_color=&#8221;#FFFFFF&#8221; vertical_offset=&#8221;-80px&#8221; custom_margin=&#8221;|auto|-29px|auto|false|false&#8221; custom_padding=&#8221;|150px||150px|true|true&#8221; custom_padding_tablet=&#8221;|50px||50px|true|true&#8221; custom_padding_phone=&#8221;|10px||10px|true|true&#8221; border_radii=&#8221;on|15px|15px|15px|15px&#8221; global_colors_info=&#8221;{}&#8221;][et_pb_column type=&#8221;4_4&#8243; _builder_version=&#8221;4.17.6&#8243; _module_preset=&#8221;default&#8221; global_colors_info=&#8221;{}&#8221;][et_pb_image src=&#8221;https:\/\/adhocresearch.com\/wp-content\/uploads\/2023\/06\/Capture-decran-2023-06-19-a-11.57.48.png&#8221; title_text=&#8221;Logo_ESOMAR&#8221; url=&#8221;https:\/\/directory.esomar.org\/company\/1000\/ad-hoc-research&#8221; align=&#8221;center&#8221; _builder_version=&#8221;4.22.1&#8243; _module_preset=&#8221;default&#8221; width=&#8221;25%&#8221; max_width=&#8221;20%&#8221; custom_margin=&#8221;||24px|||&#8221; custom_padding=&#8221;|0px|0px|||&#8221; global_colors_info=&#8221;{}&#8221;][\/et_pb_image][et_pb_text _builder_version=&#8221;4.21.0&#8243; _module_preset=&#8221;default&#8221; text_font=&#8221;ReadexPro VariableFont_HEXPwght|300|||||||&#8221; header_font=&#8221;DINAlternate Bold|||on|||||&#8221; header_text_align=&#8221;center&#8221; header_2_font=&#8221;DINAlternate Bold|||on|||||&#8221; header_2_font_size=&#8221;30px&#8221; text_orientation=&#8221;center&#8221; custom_margin=&#8221;49px|||||&#8221; global_colors_info=&#8221;{}&#8221;]<\/p>\n<p><span data-metadata=\"&lt;!--(figmeta)eyJmaWxlS2V5IjoiRUdnRTBSZThkVzZIUWl6Nmd5ZFQ5YSIsInBhc3RlSUQiOjE5MTg3MTg2NzAsImRhdGFUeXBlIjoic2NlbmUifQo=(\/figmeta)--&gt;\"><\/span><span>AD\u2019HOC RESEARCH is a member of ESOMAR (European Society for Opinion and Marketing Research) and abides by this organisation\u2019s code of ethics http:\/\/www.esomar.org.<\/span><\/p>\n<p>[\/et_pb_text][\/et_pb_column][\/et_pb_row][et_pb_row column_structure=&#8221;1_4,3_4&#8243; _builder_version=&#8221;4.22.1&#8243; _module_preset=&#8221;default&#8221; module_alignment=&#8221;center&#8221; custom_margin=&#8221;-55px|auto|-59px|auto||&#8221; global_colors_info=&#8221;{}&#8221;][et_pb_column type=&#8221;1_4&#8243; _builder_version=&#8221;4.21.0&#8243; _module_preset=&#8221;default&#8221; global_colors_info=&#8221;{}&#8221;][\/et_pb_column][et_pb_column type=&#8221;3_4&#8243; _builder_version=&#8221;4.21.0&#8243; _module_preset=&#8221;default&#8221; global_colors_info=&#8221;{}&#8221;][et_pb_text _builder_version=&#8221;4.22.1&#8243; _module_preset=&#8221;default&#8221; custom_margin=&#8221;|||-279px||&#8221; global_colors_info=&#8221;{}&#8221;]<\/p>\n<p style=\"text-align: center;\"><span style=\"font-size: 16px; text-align: center;\">Personal data collected by AD\u2019HOC RESEARCH are processed in compliance with the following general principles.<\/span><span><\/span><\/p>\n<p>&nbsp;<\/p>\n<p>[\/et_pb_text][\/et_pb_column][\/et_pb_row][et_pb_row _builder_version=&#8221;4.17.6&#8243; _module_preset=&#8221;default&#8221; custom_padding=&#8221;||50px|||&#8221; global_colors_info=&#8221;{}&#8221;][et_pb_column type=&#8221;4_4&#8243; _builder_version=&#8221;4.17.6&#8243; _module_preset=&#8221;default&#8221; global_colors_info=&#8221;{}&#8221;][et_pb_text _builder_version=&#8221;4.21.0&#8243; _module_preset=&#8221;default&#8221; header_font=&#8221;DINAlternate Bold|||on|||||&#8221; header_text_align=&#8221;center&#8221; header_2_font=&#8221;|||on|||||&#8221; header_2_font_size=&#8221;30px&#8221; custom_margin=&#8221;||-1px||false|false&#8221; custom_padding=&#8221;28px|||||&#8221; global_colors_info=&#8221;{}&#8221;]<\/p>\n<h2><strong>Information<\/strong><\/h2>\n<p>In the event of direct contact between <span>AD\u2019HOC RESEARCH<\/span> and the respondent, <span>AD\u2019HOC RESEARCH<\/span> shall disclose to the respondent beforehand the subject of the study, the purpose of the collected data as well as the contemplated transfers of data.<\/p>\n<p><span>People shall be informed that participation to a study is entirely voluntary, and that they have the possibility to cancel their participation at any time, including during the course of the study. They shall also be informed that there is no commercial approach and no direct marketing or sales.<\/span><\/p>\n<p><span><\/span><\/p>\n<h2><strong><span>Purpose<\/span><\/strong><\/h2>\n<p>The data being collected for a specific purpose, they shall not be reused afterwards in a way that is incompatible with the purpose for which they were collected.<\/p>\n<p>&nbsp;<\/p>\n<h2><strong>Confidentiality<\/strong><\/h2>\n<p><span>AD\u2019HOC RESEARCH<\/span> shall ensure that the personal data used during the study are entirely protected against any unauthorised access and that they are not disclosed without the explicit consent of the person.<\/p>\n<p><span>AD\u2019HOC RESEARCH shall always act in an ethical manner and shall refrain from doing anything that may adversely affect a respondent or the reputation of the market research profession.<\/span><\/p>\n<p><span>In accordance with the code of ethics of research institutes, if the study is presented as anonymous, regardless of its collection mode (face-to-face, telephone or online study), AD\u2019HOC RESEARCH shall commit not to disclose the participants\u2019 personal data to the study sponsor without the respondents\u2019 prior consent.<\/span><\/p>\n<p><span>For information, as part of our international studies, we occasionally work with local vendors, all being ESOMAR members like us, who are carefully selected by us (including according to their experience, expertise, and quality) based on the guarantees they offer in terms of data protection. In doing so, AD\u2019HOC RESEARCH validates the GDPR policy of its suppliers beforehand. These suppliers are responsible for recruiting and collecting information from the participants, which means they may collect the participants\u2019 personal data, including sensitive data such as health data.<\/span><\/p>\n<p><span>AD\u2019HOC RESEARCH may receive video and\/or audio recordings, consumption booklets, activity journals filled out online, sometimes containing personal data such as name\/email address\/postal contact details<\/span><\/p>\n<p><span>If applicable, AD\u2019HOC RESEARCH shall follow the usual procedures described in the Safety section.<\/span><\/p>\n<p><span>The information shall be shared and consent shall be obtained by the partners, as described in their GDPR procedure.<\/span><\/p>\n<p><span>As recipient of video\/audio recordings or other documents, AD\u2019HOC RESEARCH shall commit to destroy these documents within 3 months of delivering the results to the client.<\/span><\/p>\n<p><span><\/span><\/p>\n<h2><strong>Safety<\/strong><\/h2>\n<p><span>AD\u2019HOC RESEARCH shall take reasonable safety measures in order to protect the data in its possession, in compliance with the following commitments:<\/span><\/p>\n<p><span>1. We host personal data exclusively within the European Union.<\/span><\/p>\n<p><span>2. We identify and localise the servers hosting the data.<\/span><\/p>\n<p><span>3. With regards to the tools, applications or services that we use, we take into account the principles of data protection from conception and of data protection by default.<\/span><\/p>\n<p><span>4. We guarantee the safety and confidentiality of the personal data that are entrusted to us.<\/span><\/p>\n<p><span>5. We limit the collection and\/or processing of personal data to the sole data that are suitable and relevant for the study.<\/span><\/p>\n<p><span>6. We do not copy any personal data, except whenever the personal data are necessary to provide our services, if applicable.<\/span><\/p>\n<p><span>7. We do not use any personal data for purposes other than those specified for the relevant project.<\/span><\/p>\n<p><span>8. Personal data are processed exclusively by the team responsible for the project.<\/span><\/p>\n<p><span>9. We do not disclose any personal data to third parties, whether it be private or public entities, natural persons or legal entities.<\/span><\/p>\n<p><span>10. We use anonymisation techniques to protect the respondents\u2019 personal data. The data are processed in such a manner that it is not possible anymore to identify the person they are related to. All personal data are separated from the responses given as part of the study.<\/span><\/p>\n<p><span>11. We ensure an absolute separation between personal data, and any other data or information that we may store or process on our own behalf or on the behalf of any third party, including other clients.<\/span><\/p>\n<p><span>12. We set up a system to safeguard and preserve the integrity of personal data.<\/span><\/p>\n<p><span>13. We ensure that the people authorised to process personal data are committed to maintain confidentiality. The whole staff of AD\u2019HOC RESEARCH is made aware via a training and communication plan (inserted in the company\u2019s internal rules of procedures). A strict confidentiality clause is inserted in the contracts of each employee who has access to personal data.<\/span><\/p>\n<p><span><\/span><\/p>\n<h2><strong>Data storage<\/strong><\/h2>\n<p>Personal data have an expiration date. We shall set a reasonable duration of data retention, depending on the study we are processing. In general, this duration shall not exceed 3 months following the end of the study.<\/p>\n<p>&nbsp;<\/p>\n<h2><strong>Exercise of respondents\u2019 rights<\/strong><\/h2>\n<p><span>As part of our studies and in accordance with the European Regulation on Data Protection, respondents have the following rights in relation to their data: right of access, of rectification, to object, to erasure, to portability and to restriction of processing. If they wish to do so, they are invited to contact us using one of the following channels:<\/span><\/p>\n<ul>\n<li>sur notre formulaire internet disponible sur ce lien : <a href=\"https:\/\/cawi.dooblo.net\/client\/Survey.aspx?Ticket=EUZPUT1B\">lien formulaire<\/a>  <\/li>\n<li><span> <\/span><span>via email to: dpo@adhocresearch.com<\/span><\/li>\n<li><span> via postal mail to: AD\u2019HOC RESEARCH, 34 quai Charles de Gaulle \u2013 Cit\u00e9 internationale 69006 LYON \u2013 France<\/span><\/li>\n<\/ul>\n<p>[\/et_pb_text][\/et_pb_column][\/et_pb_row][\/et_pb_section]<\/p>\n","protected":false},"excerpt":{"rendered":"<p><div class=\"et_pb_module lwp_divi_breadcrumbs lwp_divi_breadcrumbs_0\">\n\t\t\t\t\n\t\t\t\t\n\t\t\t\t\n\t\t\t\t\n\t\t\t\t\n\t\t\t\t\n\t\t\t\t<div class=\"et_pb_module_inner\">\n\t\t\t\t\t<div class=\"lwp-breadcrumbs\"> <span class=\"before\"><\/span> <span vocab=\"https:\/\/schema.org\/\" typeof=\"BreadcrumbList\"><span property=\"itemListElement\" typeof=\"ListItem\"><a property=\"item\" typeof=\"WebPage\" href=\"https:\/\/adhocresearch.com\/en\/\" class=\"home\"><span property=\"name\">Home<\/span><\/a><meta property=\"position\" content=\"1\"><\/span> <span class=\"separator et-pb-icon\">&amp;#x39;<\/span> <\/span><\/div>\n\t\t\t\t<\/div>\n\t\t\t<\/div>GDPR: processing of collected personal dataAD\u2019HOC RESEARCH is a member of ESOMAR (European Society for Opinion and Marketing Research) and abides by this organisation\u2019s code of ethics http:\/\/www.esomar.org.Personal data collected by AD\u2019HOC RESEARCH are processed in compliance with the following general principles. &nbsp;Information In the [&hellip;]<\/p>\n","protected":false},"author":1,"featured_media":0,"parent":0,"menu_order":0,"comment_status":"closed","ping_status":"closed","template":"","meta":{"_et_pb_use_builder":"on","_et_pb_old_content":"","_et_gb_content_width":"","footnotes":""},"class_list":["post-1846","page","type-page","status-publish","hentry"],"yoast_head":"<!-- This site is optimized with the Yoast SEO Premium plugin v27.3 (Yoast SEO v27.5) - https:\/\/yoast.com\/product\/yoast-seo-premium-wordpress\/ -->\n<title>GDPR - Ad&#039;Hoc Research<\/title>\n<meta name=\"description\" content=\"AD\u2019HOC RESEARCH is committed to protecting your personal data in accordance with the GDPR. Read our privacy policy.\" \/>\n<meta name=\"robots\" content=\"index, follow, max-snippet:-1, max-image-preview:large, max-video-preview:-1\" \/>\n<link rel=\"canonical\" href=\"https:\/\/adhocresearch.com\/en\/gdpr\/\" \/>\n<meta property=\"og:locale\" content=\"en_US\" \/>\n<meta property=\"og:type\" content=\"article\" \/>\n<meta property=\"og:title\" content=\"GDPR\" \/>\n<meta property=\"og:description\" content=\"AD\u2019HOC RESEARCH is committed to protecting your personal data in accordance with the GDPR. Read our privacy policy.\" \/>\n<meta property=\"og:url\" content=\"https:\/\/adhocresearch.com\/en\/gdpr\/\" \/>\n<meta property=\"og:site_name\" content=\"Ad&#039;Hoc Research\" \/>\n<meta property=\"article:modified_time\" content=\"2026-04-14T14:37:15+00:00\" \/>\n<meta name=\"twitter:card\" content=\"summary_large_image\" \/>\n<meta name=\"twitter:label1\" content=\"Est. reading time\" \/>\n\t<meta name=\"twitter:data1\" content=\"7 minutes\" \/>\n<script type=\"application\/ld+json\" class=\"yoast-schema-graph\">{\"@context\":\"https:\\\/\\\/schema.org\",\"@graph\":[{\"@type\":\"WebPage\",\"@id\":\"https:\\\/\\\/adhocresearch.com\\\/en\\\/gdpr\\\/\",\"url\":\"https:\\\/\\\/adhocresearch.com\\\/en\\\/gdpr\\\/\",\"name\":\"GDPR - Ad&#039;Hoc Research\",\"isPartOf\":{\"@id\":\"https:\\\/\\\/adhocresearch.com\\\/en\\\/#website\"},\"datePublished\":\"2023-06-19T12:26:54+00:00\",\"dateModified\":\"2026-04-14T14:37:15+00:00\",\"description\":\"AD\u2019HOC RESEARCH is committed to protecting your personal data in accordance with the GDPR. Read our privacy policy.\",\"breadcrumb\":{\"@id\":\"https:\\\/\\\/adhocresearch.com\\\/en\\\/gdpr\\\/#breadcrumb\"},\"inLanguage\":\"en-US\",\"potentialAction\":[{\"@type\":\"ReadAction\",\"target\":[\"https:\\\/\\\/adhocresearch.com\\\/en\\\/gdpr\\\/\"]}]},{\"@type\":\"BreadcrumbList\",\"@id\":\"https:\\\/\\\/adhocresearch.com\\\/en\\\/gdpr\\\/#breadcrumb\",\"itemListElement\":[{\"@type\":\"ListItem\",\"position\":1,\"name\":\"Accueil\",\"item\":\"https:\\\/\\\/adhocresearch.com\\\/en\\\/\"},{\"@type\":\"ListItem\",\"position\":2,\"name\":\"GDPR\"}]},{\"@type\":\"WebSite\",\"@id\":\"https:\\\/\\\/adhocresearch.com\\\/en\\\/#website\",\"url\":\"https:\\\/\\\/adhocresearch.com\\\/en\\\/\",\"name\":\"Ad&#039;Hoc Research\",\"description\":\"La r\u00e9f\u00e9rence en mati\u00e8re d&#039;\u00c9tude de comportements clients\",\"publisher\":{\"@id\":\"https:\\\/\\\/adhocresearch.com\\\/en\\\/#organization\"},\"potentialAction\":[{\"@type\":\"SearchAction\",\"target\":{\"@type\":\"EntryPoint\",\"urlTemplate\":\"https:\\\/\\\/adhocresearch.com\\\/en\\\/?s={search_term_string}\"},\"query-input\":{\"@type\":\"PropertyValueSpecification\",\"valueRequired\":true,\"valueName\":\"search_term_string\"}}],\"inLanguage\":\"en-US\"},{\"@type\":\"Organization\",\"@id\":\"https:\\\/\\\/adhocresearch.com\\\/en\\\/#organization\",\"name\":\"Ad&#039;Hoc Research\",\"url\":\"https:\\\/\\\/adhocresearch.com\\\/en\\\/\",\"logo\":{\"@type\":\"ImageObject\",\"inLanguage\":\"en-US\",\"@id\":\"https:\\\/\\\/adhocresearch.com\\\/en\\\/#\\\/schema\\\/logo\\\/image\\\/\",\"url\":\"https:\\\/\\\/adhocresearch.com\\\/wp-content\\\/uploads\\\/2026\\\/01\\\/Design-sans-titre-1.png\",\"contentUrl\":\"https:\\\/\\\/adhocresearch.com\\\/wp-content\\\/uploads\\\/2026\\\/01\\\/Design-sans-titre-1.png\",\"width\":112,\"height\":112,\"caption\":\"Ad&#039;Hoc Research\"},\"image\":{\"@id\":\"https:\\\/\\\/adhocresearch.com\\\/en\\\/#\\\/schema\\\/logo\\\/image\\\/\"}}]}<\/script>\n<!-- \/ Yoast SEO Premium plugin. -->","yoast_head_json":{"title":"GDPR - Ad&#039;Hoc Research","description":"AD\u2019HOC RESEARCH is committed to protecting your personal data in accordance with the GDPR. Read our privacy policy.","robots":{"index":"index","follow":"follow","max-snippet":"max-snippet:-1","max-image-preview":"max-image-preview:large","max-video-preview":"max-video-preview:-1"},"canonical":"https:\/\/adhocresearch.com\/en\/gdpr\/","og_locale":"en_US","og_type":"article","og_title":"GDPR","og_description":"AD\u2019HOC RESEARCH is committed to protecting your personal data in accordance with the GDPR. Read our privacy policy.","og_url":"https:\/\/adhocresearch.com\/en\/gdpr\/","og_site_name":"Ad&#039;Hoc Research","article_modified_time":"2026-04-14T14:37:15+00:00","twitter_card":"summary_large_image","twitter_misc":{"Est. reading time":"7 minutes"},"schema":{"@context":"https:\/\/schema.org","@graph":[{"@type":"WebPage","@id":"https:\/\/adhocresearch.com\/en\/gdpr\/","url":"https:\/\/adhocresearch.com\/en\/gdpr\/","name":"GDPR - Ad&#039;Hoc Research","isPartOf":{"@id":"https:\/\/adhocresearch.com\/en\/#website"},"datePublished":"2023-06-19T12:26:54+00:00","dateModified":"2026-04-14T14:37:15+00:00","description":"AD\u2019HOC RESEARCH is committed to protecting your personal data in accordance with the GDPR. Read our privacy policy.","breadcrumb":{"@id":"https:\/\/adhocresearch.com\/en\/gdpr\/#breadcrumb"},"inLanguage":"en-US","potentialAction":[{"@type":"ReadAction","target":["https:\/\/adhocresearch.com\/en\/gdpr\/"]}]},{"@type":"BreadcrumbList","@id":"https:\/\/adhocresearch.com\/en\/gdpr\/#breadcrumb","itemListElement":[{"@type":"ListItem","position":1,"name":"Accueil","item":"https:\/\/adhocresearch.com\/en\/"},{"@type":"ListItem","position":2,"name":"GDPR"}]},{"@type":"WebSite","@id":"https:\/\/adhocresearch.com\/en\/#website","url":"https:\/\/adhocresearch.com\/en\/","name":"Ad&#039;Hoc Research","description":"La r\u00e9f\u00e9rence en mati\u00e8re d&#039;\u00c9tude de comportements clients","publisher":{"@id":"https:\/\/adhocresearch.com\/en\/#organization"},"potentialAction":[{"@type":"SearchAction","target":{"@type":"EntryPoint","urlTemplate":"https:\/\/adhocresearch.com\/en\/?s={search_term_string}"},"query-input":{"@type":"PropertyValueSpecification","valueRequired":true,"valueName":"search_term_string"}}],"inLanguage":"en-US"},{"@type":"Organization","@id":"https:\/\/adhocresearch.com\/en\/#organization","name":"Ad&#039;Hoc Research","url":"https:\/\/adhocresearch.com\/en\/","logo":{"@type":"ImageObject","inLanguage":"en-US","@id":"https:\/\/adhocresearch.com\/en\/#\/schema\/logo\/image\/","url":"https:\/\/adhocresearch.com\/wp-content\/uploads\/2026\/01\/Design-sans-titre-1.png","contentUrl":"https:\/\/adhocresearch.com\/wp-content\/uploads\/2026\/01\/Design-sans-titre-1.png","width":112,"height":112,"caption":"Ad&#039;Hoc Research"},"image":{"@id":"https:\/\/adhocresearch.com\/en\/#\/schema\/logo\/image\/"}}]}},"_links":{"self":[{"href":"https:\/\/adhocresearch.com\/en\/wp-json\/wp\/v2\/pages\/1846","targetHints":{"allow":["GET"]}}],"collection":[{"href":"https:\/\/adhocresearch.com\/en\/wp-json\/wp\/v2\/pages"}],"about":[{"href":"https:\/\/adhocresearch.com\/en\/wp-json\/wp\/v2\/types\/page"}],"author":[{"embeddable":true,"href":"https:\/\/adhocresearch.com\/en\/wp-json\/wp\/v2\/users\/1"}],"replies":[{"embeddable":true,"href":"https:\/\/adhocresearch.com\/en\/wp-json\/wp\/v2\/comments?post=1846"}],"version-history":[{"count":5,"href":"https:\/\/adhocresearch.com\/en\/wp-json\/wp\/v2\/pages\/1846\/revisions"}],"predecessor-version":[{"id":2468,"href":"https:\/\/adhocresearch.com\/en\/wp-json\/wp\/v2\/pages\/1846\/revisions\/2468"}],"wp:attachment":[{"href":"https:\/\/adhocresearch.com\/en\/wp-json\/wp\/v2\/media?parent=1846"}],"curies":[{"name":"wp","href":"https:\/\/api.w.org\/{rel}","templated":true}]}}